{"id":586,"date":"2022-01-24T18:35:37","date_gmt":"2022-01-24T23:35:37","guid":{"rendered":"https:\/\/www.securi-check.com\/?page_id=586"},"modified":"2026-04-23T00:40:15","modified_gmt":"2026-04-23T04:40:15","slug":"prise-dempreintes-digitales","status":"publish","type":"page","link":"https:\/\/www.securi-check.com\/fr\/prise-dempreintes-digitales\/","title":{"rendered":"Empreintes digitales"},"content":{"rendered":"","protected":false},"excerpt":{"rendered":"","protected":false},"author":1,"featured_media":0,"parent":0,"menu_order":0,"comment_status":"closed","ping_status":"closed","template":"page-empreintes-digitales.php","meta":[],"yoast_head":"<!-- This site is optimized with the Yoast SEO plugin v16.6.1 - https:\/\/yoast.com\/wordpress\/plugins\/seo\/ -->\n<meta name=\"description\" content=\"Vous voulez effectuer une prise d&#039;empreintes digitales \u00e0 Montr\u00e9al, Laval ou Longueuil? Le GroupeSecuri-Check est accr\u00e9dit\u00e9 par la GRC et recommand\u00e9 par la SQ.\" \/>\n<meta name=\"robots\" content=\"index, follow, max-snippet:-1, max-image-preview:large, max-video-preview:-1\" \/>\n<link rel=\"canonical\" href=\"https:\/\/www.securi-check.com\/fr\/prise-dempreintes-digitales\/\" \/>\n<meta property=\"og:locale\" content=\"fr_FR\" \/>\n<meta property=\"og:type\" content=\"article\" \/>\n<meta property=\"og:title\" content=\"Groupe Securi-Check | Prise d&#039;empreintes digitales\" \/>\n<meta property=\"og:description\" content=\"Vous voulez effectuer une prise d&#039;empreintes digitales \u00e0 Montr\u00e9al, Laval ou Longueuil? Le GroupeSecuri-Check est accr\u00e9dit\u00e9 par la GRC et recommand\u00e9 par la SQ.\" \/>\n<meta property=\"og:url\" content=\"https:\/\/www.securi-check.com\/fr\/prise-dempreintes-digitales\/\" \/>\n<meta property=\"og:site_name\" content=\"Securi-Check\" \/>\n<meta property=\"article:modified_time\" content=\"2026-04-23T04:40:15+00:00\" \/>\n<meta name=\"twitter:card\" content=\"summary_large_image\" \/>\n<!-- \/ Yoast SEO plugin. -->","_links":{"self":[{"href":"https:\/\/www.securi-check.com\/fr\/wp-json\/wp\/v2\/pages\/586"}],"collection":[{"href":"https:\/\/www.securi-check.com\/fr\/wp-json\/wp\/v2\/pages"}],"about":[{"href":"https:\/\/www.securi-check.com\/fr\/wp-json\/wp\/v2\/types\/page"}],"author":[{"embeddable":true,"href":"https:\/\/www.securi-check.com\/fr\/wp-json\/wp\/v2\/users\/1"}],"replies":[{"embeddable":true,"href":"https:\/\/www.securi-check.com\/fr\/wp-json\/wp\/v2\/comments?post=586"}],"version-history":[{"count":49,"href":"https:\/\/www.securi-check.com\/fr\/wp-json\/wp\/v2\/pages\/586\/revisions"}],"predecessor-version":[{"id":13707,"href":"https:\/\/www.securi-check.com\/fr\/wp-json\/wp\/v2\/pages\/586\/revisions\/13707"}],"wp:attachment":[{"href":"https:\/\/www.securi-check.com\/fr\/wp-json\/wp\/v2\/media?parent=586"}],"curies":[{"name":"wp","href":"https:\/\/api.w.org\/{rel}","templated":true}]}}