{"id":605,"date":"2022-01-24T20:02:48","date_gmt":"2022-01-25T01:02:48","guid":{"rendered":"https:\/\/www.securi-check.com\/?page_id=605"},"modified":"2025-06-01T19:59:57","modified_gmt":"2025-06-01T23:59:57","slug":"infidelite","status":"publish","type":"page","link":"https:\/\/www.securi-check.com\/fr\/detective-prive\/infidelite\/","title":{"rendered":"Infid\u00e9lit\u00e9"},"content":{"rendered":"","protected":false},"excerpt":{"rendered":"","protected":false},"author":1,"featured_media":0,"parent":603,"menu_order":0,"comment_status":"closed","ping_status":"closed","template":"page-infidelite.php","meta":[],"yoast_head":"<!-- This site is optimized with the Yoast SEO plugin v16.6.1 - https:\/\/yoast.com\/wordpress\/plugins\/seo\/ -->\n<meta name=\"description\" content=\"Vous cherchez \u00e0 mener une enqu\u00eate priv\u00e9e pour apprendre si votre partenaire est fid\u00e8le? D\u00e9couvrez notre service de d\u00e9tective priv\u00e9 pour cas d&#039;infid\u00e9lit\u00e9.\" \/>\n<meta name=\"robots\" content=\"index, follow, max-snippet:-1, max-image-preview:large, max-video-preview:-1\" \/>\n<link rel=\"canonical\" href=\"https:\/\/www.securi-check.com\/fr\/detective-prive\/infidelite\/\" \/>\n<meta property=\"og:locale\" content=\"fr_FR\" \/>\n<meta property=\"og:type\" content=\"article\" \/>\n<meta property=\"og:title\" content=\"D\u00e9tectives priv\u00e9s pour des cas d&#039;infid\u00e9lit\u00e9 | Securi-Check\" \/>\n<meta property=\"og:description\" content=\"Vous cherchez \u00e0 mener une enqu\u00eate priv\u00e9e pour apprendre si votre partenaire est fid\u00e8le? D\u00e9couvrez notre service de d\u00e9tective priv\u00e9 pour cas d&#039;infid\u00e9lit\u00e9.\" \/>\n<meta property=\"og:url\" content=\"https:\/\/www.securi-check.com\/fr\/detective-prive\/infidelite\/\" \/>\n<meta property=\"og:site_name\" content=\"Securi-Check\" \/>\n<meta property=\"article:modified_time\" content=\"2025-06-01T23:59:57+00:00\" \/>\n<meta name=\"twitter:card\" content=\"summary_large_image\" \/>\n<!-- \/ Yoast SEO plugin. -->","_links":{"self":[{"href":"https:\/\/www.securi-check.com\/fr\/wp-json\/wp\/v2\/pages\/605"}],"collection":[{"href":"https:\/\/www.securi-check.com\/fr\/wp-json\/wp\/v2\/pages"}],"about":[{"href":"https:\/\/www.securi-check.com\/fr\/wp-json\/wp\/v2\/types\/page"}],"author":[{"embeddable":true,"href":"https:\/\/www.securi-check.com\/fr\/wp-json\/wp\/v2\/users\/1"}],"replies":[{"embeddable":true,"href":"https:\/\/www.securi-check.com\/fr\/wp-json\/wp\/v2\/comments?post=605"}],"version-history":[{"count":20,"href":"https:\/\/www.securi-check.com\/fr\/wp-json\/wp\/v2\/pages\/605\/revisions"}],"predecessor-version":[{"id":11186,"href":"https:\/\/www.securi-check.com\/fr\/wp-json\/wp\/v2\/pages\/605\/revisions\/11186"}],"up":[{"embeddable":true,"href":"https:\/\/www.securi-check.com\/fr\/wp-json\/wp\/v2\/pages\/603"}],"wp:attachment":[{"href":"https:\/\/www.securi-check.com\/fr\/wp-json\/wp\/v2\/media?parent=605"}],"curies":[{"name":"wp","href":"https:\/\/api.w.org\/{rel}","templated":true}]}}