{"id":607,"date":"2022-01-24T20:05:17","date_gmt":"2022-01-25T01:05:17","guid":{"rendered":"https:\/\/www.securi-check.com\/?page_id=607"},"modified":"2025-05-30T12:23:52","modified_gmt":"2025-05-30T16:23:52","slug":"entreprises","status":"publish","type":"page","link":"https:\/\/www.securi-check.com\/fr\/detective-prive\/entreprises\/","title":{"rendered":"Entreprises"},"content":{"rendered":"","protected":false},"excerpt":{"rendered":"","protected":false},"author":1,"featured_media":0,"parent":603,"menu_order":0,"comment_status":"closed","ping_status":"closed","template":"page-entreprises.php","meta":[],"yoast_head":"<!-- This site is optimized with the Yoast SEO plugin v16.6.1 - https:\/\/yoast.com\/wordpress\/plugins\/seo\/ -->\n<meta name=\"description\" content=\"Vous cherchez \u00e0 mener une enqu\u00eate priv\u00e9e en entreprise? D\u00e9couvrez notre service de d\u00e9tective priv\u00e9 pour entreprise pour d\u00e9nicher la v\u00e9rit\u00e9.\" \/>\n<meta name=\"robots\" content=\"index, follow, max-snippet:-1, max-image-preview:large, max-video-preview:-1\" \/>\n<link rel=\"canonical\" href=\"https:\/\/www.securi-check.com\/fr\/detective-prive\/entreprises\/\" \/>\n<meta property=\"og:locale\" content=\"fr_FR\" \/>\n<meta property=\"og:type\" content=\"article\" \/>\n<meta property=\"og:title\" content=\"D\u00e9tectives priv\u00e9s pour les entreprises | Securi-Check\" \/>\n<meta property=\"og:description\" content=\"Vous cherchez \u00e0 mener une enqu\u00eate priv\u00e9e en entreprise? D\u00e9couvrez notre service de d\u00e9tective priv\u00e9 pour entreprise pour d\u00e9nicher la v\u00e9rit\u00e9.\" \/>\n<meta property=\"og:url\" content=\"https:\/\/www.securi-check.com\/fr\/detective-prive\/entreprises\/\" \/>\n<meta property=\"og:site_name\" content=\"Securi-Check\" \/>\n<meta property=\"article:modified_time\" content=\"2025-05-30T16:23:52+00:00\" \/>\n<meta name=\"twitter:card\" content=\"summary_large_image\" \/>\n<!-- \/ Yoast SEO plugin. -->","_links":{"self":[{"href":"https:\/\/www.securi-check.com\/fr\/wp-json\/wp\/v2\/pages\/607"}],"collection":[{"href":"https:\/\/www.securi-check.com\/fr\/wp-json\/wp\/v2\/pages"}],"about":[{"href":"https:\/\/www.securi-check.com\/fr\/wp-json\/wp\/v2\/types\/page"}],"author":[{"embeddable":true,"href":"https:\/\/www.securi-check.com\/fr\/wp-json\/wp\/v2\/users\/1"}],"replies":[{"embeddable":true,"href":"https:\/\/www.securi-check.com\/fr\/wp-json\/wp\/v2\/comments?post=607"}],"version-history":[{"count":23,"href":"https:\/\/www.securi-check.com\/fr\/wp-json\/wp\/v2\/pages\/607\/revisions"}],"predecessor-version":[{"id":11176,"href":"https:\/\/www.securi-check.com\/fr\/wp-json\/wp\/v2\/pages\/607\/revisions\/11176"}],"up":[{"embeddable":true,"href":"https:\/\/www.securi-check.com\/fr\/wp-json\/wp\/v2\/pages\/603"}],"wp:attachment":[{"href":"https:\/\/www.securi-check.com\/fr\/wp-json\/wp\/v2\/media?parent=607"}],"curies":[{"name":"wp","href":"https:\/\/api.w.org\/{rel}","templated":true}]}}