{"id":609,"date":"2022-01-24T20:09:48","date_gmt":"2022-01-25T01:09:48","guid":{"rendered":"https:\/\/www.securi-check.com\/?page_id=609"},"modified":"2022-04-14T21:15:16","modified_gmt":"2022-04-15T01:15:16","slug":"examen-medical-pre-embauche","status":"publish","type":"page","link":"https:\/\/www.securi-check.com\/fr\/verification-pre-emploi\/examen-medical-pre-embauche\/","title":{"rendered":"Examen m\u00e9dical pour pr\u00e9-embauche"},"content":{"rendered":"","protected":false},"excerpt":{"rendered":"","protected":false},"author":1,"featured_media":0,"parent":612,"menu_order":0,"comment_status":"closed","ping_status":"closed","template":"page-examen-medical.php","meta":[],"yoast_head":"<!-- This site is optimized with the Yoast SEO plugin v16.6.1 - https:\/\/yoast.com\/wordpress\/plugins\/seo\/ -->\n<meta name=\"description\" content=\"Vous d\u00e9sirez v\u00e9rifier l\u2019\u00e9tat de sant\u00e9 de vos candidats pr\u00e9-embauche? En partenariat avec la clinque Biron, d\u00e9couvrez notre service d&#039;examen m\u00e9dical.\" \/>\n<meta name=\"robots\" content=\"index, follow, max-snippet:-1, max-image-preview:large, max-video-preview:-1\" \/>\n<link rel=\"canonical\" href=\"https:\/\/www.securi-check.com\/fr\/verification-pre-emploi\/examen-medical-pre-embauche\/\" \/>\n<meta property=\"og:locale\" content=\"fr_FR\" \/>\n<meta property=\"og:type\" content=\"article\" \/>\n<meta property=\"og:title\" content=\"Examen m\u00e9dical pour pr\u00e9-embauche | Securi-Check\" \/>\n<meta property=\"og:description\" content=\"Vous d\u00e9sirez v\u00e9rifier l\u2019\u00e9tat de sant\u00e9 de vos candidats pr\u00e9-embauche? En partenariat avec la clinque Biron, d\u00e9couvrez notre service d&#039;examen m\u00e9dical.\" \/>\n<meta property=\"og:url\" content=\"https:\/\/www.securi-check.com\/fr\/verification-pre-emploi\/examen-medical-pre-embauche\/\" \/>\n<meta property=\"og:site_name\" content=\"Securi-Check\" \/>\n<meta property=\"article:modified_time\" content=\"2022-04-15T01:15:16+00:00\" \/>\n<meta name=\"twitter:card\" content=\"summary_large_image\" \/>\n<!-- \/ Yoast SEO plugin. -->","_links":{"self":[{"href":"https:\/\/www.securi-check.com\/fr\/wp-json\/wp\/v2\/pages\/609"}],"collection":[{"href":"https:\/\/www.securi-check.com\/fr\/wp-json\/wp\/v2\/pages"}],"about":[{"href":"https:\/\/www.securi-check.com\/fr\/wp-json\/wp\/v2\/types\/page"}],"author":[{"embeddable":true,"href":"https:\/\/www.securi-check.com\/fr\/wp-json\/wp\/v2\/users\/1"}],"replies":[{"embeddable":true,"href":"https:\/\/www.securi-check.com\/fr\/wp-json\/wp\/v2\/comments?post=609"}],"version-history":[{"count":8,"href":"https:\/\/www.securi-check.com\/fr\/wp-json\/wp\/v2\/pages\/609\/revisions"}],"predecessor-version":[{"id":1179,"href":"https:\/\/www.securi-check.com\/fr\/wp-json\/wp\/v2\/pages\/609\/revisions\/1179"}],"up":[{"embeddable":true,"href":"https:\/\/www.securi-check.com\/fr\/wp-json\/wp\/v2\/pages\/612"}],"wp:attachment":[{"href":"https:\/\/www.securi-check.com\/fr\/wp-json\/wp\/v2\/media?parent=609"}],"curies":[{"name":"wp","href":"https:\/\/api.w.org\/{rel}","templated":true}]}}