{"id":614,"date":"2022-01-24T22:37:53","date_gmt":"2022-01-25T03:37:53","guid":{"rendered":"https:\/\/www.securi-check.com\/?page_id=614"},"modified":"2025-05-28T22:40:11","modified_gmt":"2025-05-29T02:40:11","slug":"enquete-locataire","status":"publish","type":"page","link":"https:\/\/www.securi-check.com\/fr\/enquete-locataire\/","title":{"rendered":"Enqu\u00eate de pr\u00e9-location et de cr\u00e9dit"},"content":{"rendered":"","protected":false},"excerpt":{"rendered":"","protected":false},"author":1,"featured_media":0,"parent":0,"menu_order":0,"comment_status":"closed","ping_status":"closed","template":"page-pre-location.php","meta":[],"yoast_head":"<!-- This site is optimized with the Yoast SEO plugin v16.6.1 - https:\/\/yoast.com\/wordpress\/plugins\/seo\/ -->\n<meta name=\"description\" content=\"Vous cherchez le locataire id\u00e9al? D\u00e9couvrez notre service de pr\u00e9-location pour effectuer une enqu\u00eate de cr\u00e9dit et v\u00e9rifier leur ant\u00e9c\u00e9dents judiciaires.\" \/>\n<meta name=\"robots\" content=\"index, follow, max-snippet:-1, max-image-preview:large, max-video-preview:-1\" \/>\n<link rel=\"canonical\" href=\"https:\/\/www.securi-check.com\/fr\/enquete-locataire\/\" \/>\n<meta property=\"og:locale\" content=\"fr_FR\" \/>\n<meta property=\"og:type\" content=\"article\" \/>\n<meta property=\"og:title\" content=\"Enqu\u00eate de pr\u00e9-location et de cr\u00e9dit | Securi-Check\" \/>\n<meta property=\"og:description\" content=\"Vous cherchez le locataire id\u00e9al? D\u00e9couvrez notre service de pr\u00e9-location pour effectuer une enqu\u00eate de cr\u00e9dit et v\u00e9rifier leur ant\u00e9c\u00e9dents judiciaires.\" \/>\n<meta property=\"og:url\" content=\"https:\/\/www.securi-check.com\/fr\/enquete-locataire\/\" \/>\n<meta property=\"og:site_name\" content=\"Securi-Check\" \/>\n<meta property=\"article:modified_time\" content=\"2025-05-29T02:40:11+00:00\" \/>\n<meta name=\"twitter:card\" content=\"summary_large_image\" \/>\n<!-- \/ Yoast SEO plugin. -->","_links":{"self":[{"href":"https:\/\/www.securi-check.com\/fr\/wp-json\/wp\/v2\/pages\/614"}],"collection":[{"href":"https:\/\/www.securi-check.com\/fr\/wp-json\/wp\/v2\/pages"}],"about":[{"href":"https:\/\/www.securi-check.com\/fr\/wp-json\/wp\/v2\/types\/page"}],"author":[{"embeddable":true,"href":"https:\/\/www.securi-check.com\/fr\/wp-json\/wp\/v2\/users\/1"}],"replies":[{"embeddable":true,"href":"https:\/\/www.securi-check.com\/fr\/wp-json\/wp\/v2\/comments?post=614"}],"version-history":[{"count":29,"href":"https:\/\/www.securi-check.com\/fr\/wp-json\/wp\/v2\/pages\/614\/revisions"}],"predecessor-version":[{"id":11160,"href":"https:\/\/www.securi-check.com\/fr\/wp-json\/wp\/v2\/pages\/614\/revisions\/11160"}],"wp:attachment":[{"href":"https:\/\/www.securi-check.com\/fr\/wp-json\/wp\/v2\/media?parent=614"}],"curies":[{"name":"wp","href":"https:\/\/api.w.org\/{rel}","templated":true}]}}